{"id":245,"date":"2011-03-12T20:25:05","date_gmt":"2011-03-12T20:25:05","guid":{"rendered":"http:\/\/stpedagozi.wordpress.com\/?page_id=245"},"modified":"2018-11-25T18:10:41","modified_gmt":"2018-11-25T17:10:41","slug":"za-roditelje-2","status":"publish","type":"page","link":"http:\/\/www.st-pedagozi.net\/?page_id=245","title":{"rendered":"Letci"},"content":{"rendered":"<p style=\"text-align: justify;\">Svakodnevno smo izlo\u017eeni razli\u010ditim vrstama reklamnih i informativnih letaka u promid\u017ebene svrhe. Marketin\u0161ki stru\u010dnjaci davno su shvatili njihovu svrhovitost u svijetu u kojem kao da je pove\u0107anje informacija obrnuto proporcionalno strpljenju za dulje \u010ditanje.<\/p>\r\n<p style=\"text-align: justify;\">Vrijednost letaka&nbsp; shvatili su i stru\u010dni suradnici.&nbsp; Oni, istina, njima ni\u0161ta ne prodaju, ali \u017eele potaknuti razmi\u0161ljanja, postavljati pitanja, podsje\u0107ati, informirati ili pou\u010diti roditelje, u\u010ditelje i u\u010denike.<\/p>\r\n<p style=\"text-align: justify;\">Na ovoj stranici objavljivat \u0107e se njihovi uratci tematski raspore\u0111eni prema korisnicima kojima su namijenjeni.<\/p>\r\n<strong>Po\u010detak \u0161kolovanja<\/strong>\r\n\r\n<div id=\"attachment_1235\" style=\"width: 426px\" class=\"wp-caption aligncenter\"><a href=\"http:\/\/www.st-pedagozi.net\/wp-content\/uploads\/2011\/03\/prvi-razred.pdf\" rel=\"http:\/\/www.st-pedagozi.net\/wp-content\/uploads\/2011\/03\/prvi-razred.pdf\"><img loading=\"lazy\" decoding=\"async\" aria-describedby=\"caption-attachment-1235\" class=\"size-full wp-image-1235 \" title=\"PRVI RAZRED\" src=\"http:\/\/www.st-pedagozi.net\/wp-content\/uploads\/2011\/08\/prvi-razred1-e1312445667487.jpg\" alt=\"\" width=\"416\" height=\"294\" srcset=\"http:\/\/www.st-pedagozi.net\/wp-content\/uploads\/2011\/08\/prvi-razred1-e1312445667487.jpg 700w, http:\/\/www.st-pedagozi.net\/wp-content\/uploads\/2011\/08\/prvi-razred1-e1312445667487-300x211.jpg 300w\" sizes=\"(max-width: 416px) 100vw, 416px\" \/><\/a><p id=\"caption-attachment-1235\" class=\"wp-caption-text\">PRIPREME ZA PRVI RAZRED<\/p><\/div>\r\n\r\n<div id=\"attachment_1237\" style=\"width: 426px\" class=\"wp-caption aligncenter\"><a href=\"http:\/\/www.st-pedagozi.net\/wp-content\/uploads\/2011\/03\/c48desta-pitanja-roditelja-na-poc48detku-c5a1kolovanja.pdf\" rel=\"http:\/\/www.st-pedagozi.net\/wp-content\/uploads\/2011\/03\/c48desta-pitanja-roditelja-na-poc48detku-c5a1kolovanja.pdf\"><img loading=\"lazy\" decoding=\"async\" aria-describedby=\"caption-attachment-1237\" class=\"size-full wp-image-1237 \" title=\"PITANJA\" src=\"http:\/\/www.st-pedagozi.net\/wp-content\/uploads\/2011\/08\/pitanja-e1312446651970.jpg\" alt=\"\" width=\"416\" height=\"294\" srcset=\"http:\/\/www.st-pedagozi.net\/wp-content\/uploads\/2011\/08\/pitanja-e1312446651970.jpg 700w, http:\/\/www.st-pedagozi.net\/wp-content\/uploads\/2011\/08\/pitanja-e1312446651970-300x211.jpg 300w\" sizes=\"(max-width: 416px) 100vw, 416px\" \/><\/a><p id=\"caption-attachment-1237\" class=\"wp-caption-text\">PRVI RAZRED I RODITELJSKA PITANJA<\/p><\/div>\r\n<p style=\"text-align: left;\"><strong>Prevencija zlostavljanja djece<\/strong><\/p>\r\n\r\n\r\n<div id=\"attachment_1964\" style=\"width: 426px\" class=\"wp-caption aligncenter\"><a href=\"http:\/\/stpedagozi.files.wordpress.com\/2011\/03\/letak-za-roditelje-zlostavljanje.pdf\" rel=\"http:\/\/stpedagozi.files.wordpress.com\/2011\/03\/letak-za-roditelje-zlostavljanje.pdf\"><img loading=\"lazy\" decoding=\"async\" aria-describedby=\"caption-attachment-1964\" class=\" wp-image-1964 \" title=\"Letak za roditelje-zlostavljanje\" src=\"http:\/\/www.st-pedagozi.net\/wp-content\/uploads\/2011\/03\/Letak-za-roditelje-zlostavljanje-1024x723.jpg\" alt=\"\" width=\"416\" height=\"294\" srcset=\"http:\/\/www.st-pedagozi.net\/wp-content\/uploads\/2011\/03\/Letak-za-roditelje-zlostavljanje-1024x723.jpg 1024w, http:\/\/www.st-pedagozi.net\/wp-content\/uploads\/2011\/03\/Letak-za-roditelje-zlostavljanje-300x212.jpg 300w, http:\/\/www.st-pedagozi.net\/wp-content\/uploads\/2011\/03\/Letak-za-roditelje-zlostavljanje.jpg 1754w\" sizes=\"(max-width: 416px) 100vw, 416px\" \/><\/a><p id=\"caption-attachment-1964\" class=\"wp-caption-text\">ULOGA RODITELJA U PREVENCIJI ZLOSTAVLJANJA DJECE<\/p><\/div>\r\n\r\n<strong>Utjecaj medija<\/strong>\r\n\r\n<div id=\"attachment_3896\" style=\"width: 441px\" class=\"wp-caption aligncenter\"><a href=\"http:\/\/www.st-pedagozi.net\/wp-content\/uploads\/2011\/03\/djeca-potrosaci.pdf\"><img loading=\"lazy\" decoding=\"async\" aria-describedby=\"caption-attachment-3896\" class=\"wp-image-3896\" title=\"Letak djeca potro\u0161a\u010di\" src=\"http:\/\/www.st-pedagozi.net\/wp-content\/uploads\/2011\/03\/djeca-potrosaci.pdf-Adobe-Acrobat-Reader-DC-16.11.2015.-212725.jpg\" alt=\"\" width=\"431\" height=\"305\" srcset=\"http:\/\/www.st-pedagozi.net\/wp-content\/uploads\/2011\/03\/djeca-potrosaci.pdf-Adobe-Acrobat-Reader-DC-16.11.2015.-212725.jpg 1200w, http:\/\/www.st-pedagozi.net\/wp-content\/uploads\/2011\/03\/djeca-potrosaci.pdf-Adobe-Acrobat-Reader-DC-16.11.2015.-212725-300x213.jpg 300w, http:\/\/www.st-pedagozi.net\/wp-content\/uploads\/2011\/03\/djeca-potrosaci.pdf-Adobe-Acrobat-Reader-DC-16.11.2015.-212725-1024x725.jpg 1024w\" sizes=\"(max-width: 431px) 100vw, 431px\" \/><\/a><p id=\"caption-attachment-3896\" class=\"wp-caption-text\">DJECA POTRO\u0160A\u010cI<\/p><\/div>","protected":false},"excerpt":{"rendered":"<p>Svakodnevno smo izlo\u017eeni razli\u010ditim vrstama reklamnih i informativnih letaka u promid\u017ebene svrhe. Marketin\u0161ki stru\u010dnjaci davno su shvatili njihovu svrhovitost u svijetu u kojem kao da je pove\u0107anje informacija obrnuto proporcionalno strpljenju za dulje \u010ditanje. Vrijednost letaka&nbsp; shvatili su i stru\u010dni &hellip;<\/p>\n<p class=\"read-more\"><a href=\"http:\/\/www.st-pedagozi.net\/?page_id=245\">Read more &raquo;<\/a><\/p>\n","protected":false},"author":2,"featured_media":0,"parent":3870,"menu_order":0,"comment_status":"open","ping_status":"open","template":"","meta":{"footnotes":""},"_links":{"self":[{"href":"http:\/\/www.st-pedagozi.net\/index.php?rest_route=\/wp\/v2\/pages\/245"}],"collection":[{"href":"http:\/\/www.st-pedagozi.net\/index.php?rest_route=\/wp\/v2\/pages"}],"about":[{"href":"http:\/\/www.st-pedagozi.net\/index.php?rest_route=\/wp\/v2\/types\/page"}],"author":[{"embeddable":true,"href":"http:\/\/www.st-pedagozi.net\/index.php?rest_route=\/wp\/v2\/users\/2"}],"replies":[{"embeddable":true,"href":"http:\/\/www.st-pedagozi.net\/index.php?rest_route=%2Fwp%2Fv2%2Fcomments&post=245"}],"version-history":[{"count":10,"href":"http:\/\/www.st-pedagozi.net\/index.php?rest_route=\/wp\/v2\/pages\/245\/revisions"}],"predecessor-version":[{"id":3893,"href":"http:\/\/www.st-pedagozi.net\/index.php?rest_route=\/wp\/v2\/pages\/245\/revisions\/3893"}],"up":[{"embeddable":true,"href":"http:\/\/www.st-pedagozi.net\/index.php?rest_route=\/wp\/v2\/pages\/3870"}],"wp:attachment":[{"href":"http:\/\/www.st-pedagozi.net\/index.php?rest_route=%2Fwp%2Fv2%2Fmedia&parent=245"}],"curies":[{"name":"wp","href":"https:\/\/api.w.org\/{rel}","templated":true}]}}