{"id":263,"date":"2011-03-13T19:44:22","date_gmt":"2011-03-13T19:44:22","guid":{"rendered":"http:\/\/stpedagozi.wordpress.com\/?page_id=263"},"modified":"2023-07-06T19:15:17","modified_gmt":"2023-07-06T17:15:17","slug":"za-roditelje","status":"publish","type":"page","link":"http:\/\/www.st-pedagozi.net\/?page_id=263","title":{"rendered":"Roditeljski sastanci"},"content":{"rendered":"<h6><span style=\"color: #993366;\">TEMA: PO\u010cETAK \u0160KOLOVANJA\r\n<\/span><\/h6>\r\n<table style=\"height: 270px;\" width=\"312\" cellspacing=\"0\" cellpadding=\"1\">\r\n<tbody>\r\n<tr>\r\n<td>\r\n\r\n<div id=\"attachment_3788\" style=\"width: 274px\" class=\"wp-caption alignleft\"><a href=\"http:\/\/www.st-pedagozi.net\/wp-content\/uploads\/2011\/03\/spremnost-djeteta-za-skolu-pptprikaz.pdf-Adobe-Acrobat-Reader-DC-3.11.2015.-210845.jpg\"><img loading=\"lazy\" decoding=\"async\" aria-describedby=\"caption-attachment-3788\" class=\"wp-image-3788 \" src=\"http:\/\/www.st-pedagozi.net\/wp-content\/uploads\/2011\/03\/spremnost-djeteta-za-skolu-pptprikaz.pdf-Adobe-Acrobat-Reader-DC-3.11.2015.-210845-300x227.jpg\" alt=\"spremnost-djeteta-za-skolu-pptprikaz.pdf - Adobe Acrobat Reader DC 3.11.2015. 210845\" width=\"264\" height=\"200\" srcset=\"http:\/\/www.st-pedagozi.net\/wp-content\/uploads\/2011\/03\/spremnost-djeteta-za-skolu-pptprikaz.pdf-Adobe-Acrobat-Reader-DC-3.11.2015.-210845-300x227.jpg 300w, http:\/\/www.st-pedagozi.net\/wp-content\/uploads\/2011\/03\/spremnost-djeteta-za-skolu-pptprikaz.pdf-Adobe-Acrobat-Reader-DC-3.11.2015.-210845.jpg 1000w\" sizes=\"(max-width: 264px) 100vw, 264px\" \/><\/a><p id=\"caption-attachment-3788\" class=\"wp-caption-text\"><span style=\"color: #800080;\"><strong><a style=\"color: #800080;\" href=\"http:\/\/www.st-pedagozi.net\/wp-content\/uploads\/2011\/03\/spremnost-djeteta-za-skolu-pptprikaz.pdf\">Prezentacija<\/a><\/strong><\/span><\/p><\/div><\/td>\r\n<td>\r\n\r\n<div id=\"attachment_3789\" style=\"width: 254px\" class=\"wp-caption alignleft\"><a href=\"http:\/\/www.st-pedagozi.net\/wp-content\/uploads\/2011\/03\/polazak-u-c5a1kolu.pdf-Adobe-Acrobat-Reader-DC-3.11.2015.-210835.jpg\"><img loading=\"lazy\" decoding=\"async\" aria-describedby=\"caption-attachment-3789\" class=\"wp-image-3789\" src=\"http:\/\/www.st-pedagozi.net\/wp-content\/uploads\/2011\/03\/polazak-u-c5a1kolu.pdf-Adobe-Acrobat-Reader-DC-3.11.2015.-210835-300x239.jpg\" alt=\"polazak-u-c5a1kolu.pdf - Adobe Acrobat Reader DC 3.11.2015. 210835\" width=\"244\" height=\"194\" srcset=\"http:\/\/www.st-pedagozi.net\/wp-content\/uploads\/2011\/03\/polazak-u-c5a1kolu.pdf-Adobe-Acrobat-Reader-DC-3.11.2015.-210835-300x239.jpg 300w, http:\/\/www.st-pedagozi.net\/wp-content\/uploads\/2011\/03\/polazak-u-c5a1kolu.pdf-Adobe-Acrobat-Reader-DC-3.11.2015.-210835.jpg 936w\" sizes=\"(max-width: 244px) 100vw, 244px\" \/><\/a><p id=\"caption-attachment-3789\" class=\"wp-caption-text\"><span style=\"color: #003366;\"><strong><a style=\"color: #003366;\" href=\"http:\/\/www.st-pedagozi.net\/wp-content\/uploads\/2011\/03\/polazak-u-c5a1kolu.pdf\">Prezentacija<\/a><\/strong><\/span><\/p><\/div><\/td>\r\n<td><div id=\"attachment_4218\" style=\"width: 271px\" class=\"wp-caption alignright\"><a href=\"http:\/\/www.st-pedagozi.net\/wp-content\/uploads\/2011\/03\/PowerPointova-dijaprojekcija-u\u010denik-u-1.razredu-1-17.3.2016.-195558.jpg\"><img loading=\"lazy\" decoding=\"async\" aria-describedby=\"caption-attachment-4218\" class=\"wp-image-4218\" src=\"http:\/\/www.st-pedagozi.net\/wp-content\/uploads\/2011\/03\/PowerPointova-dijaprojekcija-u\u010denik-u-1.razredu-1-17.3.2016.-195558-300x226.jpg\" alt=\"PowerPointova dijaprojekcija - [u\u010denik u 1.razredu (1)] 17.3.2016. 195558\" width=\"261\" height=\"198\" srcset=\"http:\/\/www.st-pedagozi.net\/wp-content\/uploads\/2011\/03\/PowerPointova-dijaprojekcija-u\u010denik-u-1.razredu-1-17.3.2016.-195558-300x226.jpg 300w, http:\/\/www.st-pedagozi.net\/wp-content\/uploads\/2011\/03\/PowerPointova-dijaprojekcija-u\u010denik-u-1.razredu-1-17.3.2016.-195558.jpg 1024w\" sizes=\"(max-width: 261px) 100vw, 261px\" \/><\/a><p id=\"caption-attachment-4218\" class=\"wp-caption-text\"><span style=\"color: #993366;\"><strong><a href=\"http:\/\/www.st-pedagozi.net\/wp-content\/uploads\/2011\/03\/u\u010denik-u-1.razredu-1.pptx\">Prezentacija<\/a><\/strong><\/span><\/p><\/div><\/td>\r\n<\/tr>\r\n<\/tbody>\r\n<\/table>\r\n<a href=\"https:\/\/www.youtube.com\/watch?v=RlWuuH25EGQ\"><img loading=\"lazy\" decoding=\"async\" class=\"wp-image-5546 size-medium aligncenter\" src=\"http:\/\/www.st-pedagozi.net\/wp-content\/uploads\/2020\/09\/Savjeti-za-roditelje-prva\u0161i\u0107a-YouTube-Mozilla-Firefox-24.9.2020.-102258-300x169.jpg\" alt=\"\" width=\"300\" height=\"169\" srcset=\"http:\/\/www.st-pedagozi.net\/wp-content\/uploads\/2020\/09\/Savjeti-za-roditelje-prva\u0161i\u0107a-YouTube-Mozilla-Firefox-24.9.2020.-102258-300x169.jpg 300w, http:\/\/www.st-pedagozi.net\/wp-content\/uploads\/2020\/09\/Savjeti-za-roditelje-prva\u0161i\u0107a-YouTube-Mozilla-Firefox-24.9.2020.-102258-768x433.jpg 768w, http:\/\/www.st-pedagozi.net\/wp-content\/uploads\/2020\/09\/Savjeti-za-roditelje-prva\u0161i\u0107a-YouTube-Mozilla-Firefox-24.9.2020.-102258.jpg 954w\" sizes=\"(max-width: 300px) 100vw, 300px\" \/><\/a>\r\n\r\n&nbsp;\r\n<h6><\/h6>\r\n<h6><\/h6>\r\n<h6><span style=\"color: #993366;\">TEMA: DJELOTVORNO RODITELJSTVO<\/span><\/h6>\r\n&nbsp;\r\n<table style=\"height: 286px;\" width=\"584\" cellspacing=\"0\" cellpadding=\"1\">\r\n<tbody>\r\n<tr>\r\n<td><div id=\"attachment_3791\" style=\"width: 263px\" class=\"wp-caption alignnone\"><a href=\"http:\/\/www.st-pedagozi.net\/wp-content\/uploads\/2011\/03\/Microsoft-PowerPoint-DJELOTVORNO-RODITELJSTVO-3.11.2015.-211236.jpg\"><img loading=\"lazy\" decoding=\"async\" aria-describedby=\"caption-attachment-3791\" class=\"wp-image-3791\" src=\"http:\/\/www.st-pedagozi.net\/wp-content\/uploads\/2011\/03\/Microsoft-PowerPoint-DJELOTVORNO-RODITELJSTVO-3.11.2015.-211236-300x223.jpg\" alt=\"Microsoft PowerPoint - [DJELOTVORNO RODITELJSTVO] 3.11.2015. 211236\" width=\"253\" height=\"189\" srcset=\"http:\/\/www.st-pedagozi.net\/wp-content\/uploads\/2011\/03\/Microsoft-PowerPoint-DJELOTVORNO-RODITELJSTVO-3.11.2015.-211236-300x223.jpg 300w, http:\/\/www.st-pedagozi.net\/wp-content\/uploads\/2011\/03\/Microsoft-PowerPoint-DJELOTVORNO-RODITELJSTVO-3.11.2015.-211236.jpg 809w\" sizes=\"(max-width: 253px) 100vw, 253px\" \/><\/a><p id=\"caption-attachment-3791\" class=\"wp-caption-text\"><span style=\"color: #333399;\"><strong><a href=\"http:\/\/www.st-pedagozi.net\/wp-content\/uploads\/2011\/03\/DJELOTVORNO-RODITELJSTVO.pptx\">Prezentacija <\/a>\u00a0\u00a0<\/strong><\/span>\u00a0\u00a0\u00a0\u00a0\u00a0\u00a0\u00a0\u00a0\u00a0\u00a0\u00a0\u00a0\u00a0\u00a0\u00a0\u00a0\u00a0\u00a0\u00a0\u00a0\u00a0\u00a0\u00a0\u00a0\u00a0\u00a0\u00a0\u00a0\u00a0\u00a0\u00a0\u00a0\u00a0\u00a0\u00a0\u00a0\u00a0\u00a0\u00a0\u00a0\u00a0\u00a0\u00a0\u00a0 <a href=\"http:\/\/www.st-pedagozi.net\/wp-content\/uploads\/2011\/03\/Roditelji-i-uspjeh-djeteta-11.pdf\"><span style=\"color: #ff6600;\"><strong>Listi\u0107 za roditelje 1.<\/strong>\u00a0\u00a0<\/span>\u00a0\u00a0<\/a>\u00a0\u00a0\u00a0\u00a0\u00a0\u00a0\u00a0\u00a0\u00a0\u00a0\u00a0\u00a0\u00a0\u00a0\u00a0\u00a0\u00a0\u00a0\u00a0\u00a0\u00a0\u00a0\u00a0\u00a0\u00a0\u00a0\u00a0\u00a0\u00a0\u00a0 <span style=\"color: #993366;\"><strong><a href=\"http:\/\/www.st-pedagozi.net\/wp-content\/uploads\/2011\/03\/Koraci-u\u010dinkovitog-u\u010denja.pdf\">Listi\u0107 za roditelje 2.<\/a><\/strong><\/span><\/p><\/div><\/td>\r\n<td><div id=\"attachment_3793\" style=\"width: 262px\" class=\"wp-caption alignleft\"><a href=\"http:\/\/www.st-pedagozi.net\/wp-content\/uploads\/2011\/03\/Microsoft-PowerPoint-ODNOS-IZME\u0110U-BRA\u0106E-I-SESTARA-Na\u010din-kompatibilnosti-3.11.2015.-212643.jpg\"><img loading=\"lazy\" decoding=\"async\" aria-describedby=\"caption-attachment-3793\" class=\"wp-image-3793\" src=\"http:\/\/www.st-pedagozi.net\/wp-content\/uploads\/2011\/03\/Microsoft-PowerPoint-ODNOS-IZME\u0110U-BRA\u0106E-I-SESTARA-Na\u010din-kompatibilnosti-3.11.2015.-212643-300x228.jpg\" alt=\"Microsoft PowerPoint - [ODNOS-IZME\u0110U-BRA\u0106E-I-SESTARA [Na\u010din kompatibilnosti]] 3.11.2015. 212643\" width=\"252\" height=\"191\" srcset=\"http:\/\/www.st-pedagozi.net\/wp-content\/uploads\/2011\/03\/Microsoft-PowerPoint-ODNOS-IZME\u0110U-BRA\u0106E-I-SESTARA-Na\u010din-kompatibilnosti-3.11.2015.-212643-300x228.jpg 300w, http:\/\/www.st-pedagozi.net\/wp-content\/uploads\/2011\/03\/Microsoft-PowerPoint-ODNOS-IZME\u0110U-BRA\u0106E-I-SESTARA-Na\u010din-kompatibilnosti-3.11.2015.-212643.jpg 832w\" sizes=\"(max-width: 252px) 100vw, 252px\" \/><\/a><p id=\"caption-attachment-3793\" class=\"wp-caption-text\"><strong><span style=\"color: #339966;\"><a style=\"color: #339966;\" href=\"http:\/\/www.st-pedagozi.net\/wp-content\/uploads\/2011\/03\/ODNOS-IZME\u0110U-BRA\u0106E-I-SESTARA.ppt\">Prezentacija<\/a><\/span><\/strong><\/p><\/div><\/td>\r\n<td>\r\n\r\n<div style=\"width: 297px\" class=\"wp-caption alignnone\"><img loading=\"lazy\" decoding=\"async\" class=\"\" src=\"http:\/\/www.st-pedagozi.net\/wp-content\/uploads\/2023\/07\/Snimka-cijelog-zaslona-6.7.2023.-190606-300x167.jpg\" alt=\"prezentacija\" width=\"287\" height=\"160\" \/><p class=\"wp-caption-text\"><span style=\"color: #ff0000;\"><strong><a style=\"color: #ff0000;\" href=\"http:\/\/www.st-pedagozi.net\/wp-content\/uploads\/2023\/07\/Djeca-roditelji-i-videoigre.pdf\">prezentacija<\/a><\/strong><\/span><\/p><\/div><\/td>\r\n<\/tr>\r\n<\/tbody>\r\n<\/table>","protected":false},"excerpt":{"rendered":"<p>TEMA: PO\u010cETAK \u0160KOLOVANJA &nbsp; TEMA: DJELOTVORNO RODITELJSTVO &nbsp;<\/p>\n","protected":false},"author":2,"featured_media":0,"parent":3870,"menu_order":0,"comment_status":"open","ping_status":"open","template":"page-without-sidebar.php","meta":{"footnotes":""},"_links":{"self":[{"href":"http:\/\/www.st-pedagozi.net\/index.php?rest_route=\/wp\/v2\/pages\/263"}],"collection":[{"href":"http:\/\/www.st-pedagozi.net\/index.php?rest_route=\/wp\/v2\/pages"}],"about":[{"href":"http:\/\/www.st-pedagozi.net\/index.php?rest_route=\/wp\/v2\/types\/page"}],"author":[{"embeddable":true,"href":"http:\/\/www.st-pedagozi.net\/index.php?rest_route=\/wp\/v2\/users\/2"}],"replies":[{"embeddable":true,"href":"http:\/\/www.st-pedagozi.net\/index.php?rest_route=%2Fwp%2Fv2%2Fcomments&post=263"}],"version-history":[{"count":19,"href":"http:\/\/www.st-pedagozi.net\/index.php?rest_route=\/wp\/v2\/pages\/263\/revisions"}],"predecessor-version":[{"id":6447,"href":"http:\/\/www.st-pedagozi.net\/index.php?rest_route=\/wp\/v2\/pages\/263\/revisions\/6447"}],"up":[{"embeddable":true,"href":"http:\/\/www.st-pedagozi.net\/index.php?rest_route=\/wp\/v2\/pages\/3870"}],"wp:attachment":[{"href":"http:\/\/www.st-pedagozi.net\/index.php?rest_route=%2Fwp%2Fv2%2Fmedia&parent=263"}],"curies":[{"name":"wp","href":"https:\/\/api.w.org\/{rel}","templated":true}]}}